{"id":2434,"date":"2020-08-21T14:10:40","date_gmt":"2020-08-21T12:10:40","guid":{"rendered":"https:\/\/qwertz.robin-data.io\/?page_id=2434"},"modified":"2024-05-28T13:39:33","modified_gmt":"2024-05-28T11:39:33","slug":"legal-disclosure","status":"publish","type":"page","link":"https:\/\/www.robin-data.io\/en\/legal-disclosure","title":{"rendered":"Legal Disclosure"},"content":{"rendered":"<style type=\"text\/css\" data-created_by=\"avia_inline_auto\" id=\"style-css-av-av_section-e7c124a1aae464e875c7cb7c62467b38\">\n.avia-section.av-av_section-e7c124a1aae464e875c7cb7c62467b38{\nbackground-color:#01064a;\nbackground:linear-gradient( to top right, #01064a, #00b3bd );\n}\n.avia-section.av-av_section-e7c124a1aae464e875c7cb7c62467b38 .av-section-color-overlay{\nopacity:0.1;\nbackground-color:#01064a;\nbackground-image:url(https:\/\/media.robin-data.io\/2022\/03\/15114411\/platine_platine-02.svg);\nbackground-repeat:repeat;\n}\n<\/style>\n<div id='av_section_1'  class='avia-section av-av_section-e7c124a1aae464e875c7cb7c62467b38 main_color avia-section-default avia-no-border-styling  avia-builder-el-0  el_before_av_one_full  avia-builder-el-first  avia-bg-style-scroll av-section-color-overlay-active av-minimum-height av-minimum-height-75 av-height-75  container_wrap sidebar_right'   data-av_minimum_height_pc='75' data-av_min_height_opt='75'><div class=\"av-section-color-overlay-wrap\"><div class=\"av-section-color-overlay\"><\/div><div class='container av-section-cont-open' ><main  role=\"main\" itemprop=\"mainContentOfPage\"  class='template-page content  av-content-small alpha units'><div class='post-entry post-entry-type-page post-entry-2434'><div class='entry-content-wrapper clearfix'>\n<div class='flex_column_table av-av_one_full-b096c7c10d2eaf2ca38d26f0e4bed675 sc-av_one_full av-break-at-tablet-flextable av-equal-height-column-flextable'>\n<style type=\"text\/css\" data-created_by=\"avia_inline_auto\" id=\"style-css-av-av_one_full-b096c7c10d2eaf2ca38d26f0e4bed675\">\n@keyframes av_boxShadowEffect_av-av_one_full-b096c7c10d2eaf2ca38d26f0e4bed675-column {\n0%   { box-shadow:  0 0 0 0 ; opacity: 1; }\n100% { box-shadow:  0 0 10px 0 ; opacity: 1; }\n}\n.flex_column.av-av_one_full-b096c7c10d2eaf2ca38d26f0e4bed675{\nborder-radius:5px 5px 5px 5px;\npadding:20px 20px 20px 20px;\n}\n<\/style>\n<div  class='flex_column av-av_one_full-b096c7c10d2eaf2ca38d26f0e4bed675 av_one_full  avia-builder-el-1  el_before_av_one_fourth  avia-builder-el-first  first av-break-at-tablet flex_column_table_cell av-equal-height-column av-align-middle'     ><section  class='av_textblock_section av-lwqbqipt-d9afc520652386049ade3d05aaf8c352'   itemscope=\"itemscope\" itemtype=\"https:\/\/schema.org\/CreativeWork\" ><div class='avia_textblock'  itemprop=\"text\" ><p style=\"text-align: center;\"><span style=\"color: #ffffff;\"><a style=\"color: #ffffff;\" href=\"https:\/\/www.robin-data.io\/en\">Homepage<\/a> \u00bb <strong style=\"color: #ffffff;\">Legal Disclosure<\/strong><\/span><\/p>\n<\/div><\/section><br \/>\n\n<style type=\"text\/css\" data-created_by=\"avia_inline_auto\" id=\"style-css-av-lwqbqsnn-11caef9e7dd0a93f85cbec3b6759a9c8\">\n#top .av_textblock_section.av-lwqbqsnn-11caef9e7dd0a93f85cbec3b6759a9c8 .avia_textblock{\ncolor:#ffffff;\n}\n<\/style>\n<section  class='av_textblock_section av-lwqbqsnn-11caef9e7dd0a93f85cbec3b6759a9c8'   itemscope=\"itemscope\" itemtype=\"https:\/\/schema.org\/CreativeWork\" ><div class='avia_textblock av_inherit_color'  itemprop=\"text\" ><h1 style=\"text-align: center;\">Legal Disclosure<\/h1>\n<\/div><\/section><br \/>\n\n<style type=\"text\/css\" data-created_by=\"avia_inline_auto\" id=\"style-css-av-av_hr-d4004de44d06c58f82187651d53d8229\">\n#top .hr.hr-invisible.av-av_hr-d4004de44d06c58f82187651d53d8229{\nheight:24px;\n}\n<\/style>\n<div  class='hr av-av_hr-d4004de44d06c58f82187651d53d8229 hr-invisible  avia-builder-el-4  el_after_av_textblock  el_before_av_textblock'><span class='hr-inner'><span class=\"hr-inner-style\"><\/span><\/span><\/div><br \/>\n\n<style type=\"text\/css\" data-created_by=\"avia_inline_auto\" id=\"style-css-av-lwqbr7bz-e31747b4554b211b875f972c5159cd56\">\n#top .av_textblock_section.av-lwqbr7bz-e31747b4554b211b875f972c5159cd56 .avia_textblock{\ncolor:#ffffff;\n}\n<\/style>\n<section  class='av_textblock_section av-lwqbr7bz-e31747b4554b211b875f972c5159cd56'   itemscope=\"itemscope\" itemtype=\"https:\/\/schema.org\/CreativeWork\" ><div class='avia_textblock av_inherit_color'  itemprop=\"text\" ><p style=\"font-size: 25px; text-align: center;\">All relevant information in one place: convince yourself of our transparency in Robin Data GmbH's legal notice.<\/p>\n<\/div><\/section><br \/>\n\n<style type=\"text\/css\" data-created_by=\"avia_inline_auto\" id=\"style-css-av-av_hr-c2f8de05aedf86b35ffad179fd154171\">\n#top .hr.hr-invisible.av-av_hr-c2f8de05aedf86b35ffad179fd154171{\nheight:48px;\n}\n<\/style>\n<div  class='hr av-av_hr-c2f8de05aedf86b35ffad179fd154171 hr-invisible  avia-builder-el-6  el_after_av_textblock  el_before_av_buttonrow'><span class='hr-inner'><span class=\"hr-inner-style\"><\/span><\/span><\/div><br \/>\n<div  class='avia-buttonrow-wrap av-av_buttonrow-ca864c6f26ef29df57b900bfb26d8d42 avia-buttonrow-center  avia-builder-el-7  el_after_av_hr  avia-builder-el-last'>\n\n<style type=\"text\/css\" data-created_by=\"avia_inline_auto\" id=\"style-css-av-av_buttonrow_item-a6b4fb0930c8e8a5dfc8f39a82639bdb\">\n#top #wrap_all .avia-button.av-av_buttonrow_item-a6b4fb0930c8e8a5dfc8f39a82639bdb{\nbackground-color:#00b3bd;\nborder-color:#00b3bd;\ncolor:#ffffff;\ntransition:all 0.4s ease-in-out;\nmargin-bottom:24px;\nmargin-right:12px;\nmargin-left:12px;\n}\n#top #wrap_all .avia-button.av-av_buttonrow_item-a6b4fb0930c8e8a5dfc8f39a82639bdb .avia-svg-icon svg:first-child{\nfill:#ffffff;\nstroke:#ffffff;\n}\n<\/style>\n<a href='https:\/\/www.robin-data.io\/en\/events\/demo'  class='avia-button av-av_buttonrow_item-a6b4fb0930c8e8a5dfc8f39a82639bdb avia-icon_select-yes-left-icon avia-size-x-large av-icon-on-hover'   aria-label=\"Book demo\"><span class='avia_button_icon avia_button_icon_left avia-iconfont avia-font-entypo-fontello' data-av_icon='\ue8de' data-av_iconfont='entypo-fontello' ><\/span><span class='avia_iconbox_title' >Book demo<\/span><\/a>\n\n<style type=\"text\/css\" data-created_by=\"avia_inline_auto\" id=\"style-css-av-av_buttonrow_item-612d61c60dff8644b1e7b4437d01588b\">\n#top #wrap_all .avia-button.av-av_buttonrow_item-612d61c60dff8644b1e7b4437d01588b{\nbackground-color:#ffffff;\nborder-color:#00b3bd;\ncolor:#00b3bd;\nborder-style:solid;\nborder-width:1px 1px 1px 1px;\nborder-radius:5px 5px 5px 5px;\ntransition:all 0.4s ease-in-out;\nmargin-bottom:24px;\nmargin-right:12px;\nmargin-left:12px;\n}\n#top #wrap_all .avia-button.av-av_buttonrow_item-612d61c60dff8644b1e7b4437d01588b:hover .avia_button_background{\nborder-radius:5px 5px 5px 5px;\n}\n#top #wrap_all .avia-button.av-av_buttonrow_item-612d61c60dff8644b1e7b4437d01588b .avia-svg-icon svg:first-child{\nfill:#00b3bd;\nstroke:#00b3bd;\n}\n<\/style>\n<a href='https:\/\/www.robin-data.io\/en\/offer-complianceos\/#kontakt'  class='avia-button av-av_buttonrow_item-612d61c60dff8644b1e7b4437d01588b avia-icon_select-yes-left-icon avia-size-x-large av-icon-on-hover'   aria-label=\"Request offer\"><span class='avia_button_icon avia_button_icon_left avia-iconfont avia-font-entypo-fontello' data-av_icon='\ue83c' data-av_iconfont='entypo-fontello' ><\/span><span class='avia_iconbox_title' >Request offer<\/span><\/a>\n<\/div><\/p><\/div><\/div><!--close column table wrapper. Autoclose: 1 --><div class='flex_column_table av-av_one_fourth-ceefb632c643f41214e191582f94f676 sc-av_one_fourth av-equal-height-column-flextable'>\n<style type=\"text\/css\" data-created_by=\"avia_inline_auto\" id=\"style-css-av-av_one_fourth-ceefb632c643f41214e191582f94f676\">\n.flex_column.av-av_one_fourth-ceefb632c643f41214e191582f94f676{\nborder-radius:0px 0px 0px 0px;\npadding:0px 0px 0px 0px;\n}\n<\/style>\n<div  class='flex_column av-av_one_fourth-ceefb632c643f41214e191582f94f676 av_one_fourth  avia-builder-el-8  el_after_av_one_full  el_before_av_one_fourth  first no_margin flex_column_table_cell av-equal-height-column av-align-middle av-zero-column-padding  column-top-margin'     ><section  class='av_textblock_section av-av_textblock-32af9c344aeda5838e62bcf702809feb'   itemscope=\"itemscope\" itemtype=\"https:\/\/schema.org\/CreativeWork\" ><div class='avia_textblock'  itemprop=\"text\" ><h3 style=\"text-align: left;\"><span style=\"color: #ffffff;\">Robin Data stands for highest <\/span><br class=\"avia-permanent-lb\" \/><span style=\"color: #ffffff;\">quality and safety standards<br class=\"avia-permanent-lb\" \/>and is T\u00dcV certified.<\/span><\/h3>\n<\/div><\/section><\/div>\n<style type=\"text\/css\" data-created_by=\"avia_inline_auto\" id=\"style-css-av-av_one_fourth-2e3bdc1e6c9fd03362513878a188854a\">\n.flex_column.av-av_one_fourth-2e3bdc1e6c9fd03362513878a188854a{\nborder-radius:0px 0px 0px 0px;\npadding:0px 0px 0px 0px;\n}\n<\/style>\n<div  class='flex_column av-av_one_fourth-2e3bdc1e6c9fd03362513878a188854a av_one_fourth  avia-builder-el-10  el_after_av_one_fourth  el_before_av_one_fourth  no_margin flex_column_table_cell av-equal-height-column av-align-middle av-zero-column-padding avia-link-column av-column-link  column-top-margin'    data-link-column-url=\"https:\/\/www.robin-data.io\/en\/pressrelease\/quality-management-robin-data-iso-9001-2015-certified\"   ><a class=\"av-screen-reader-only\" href=\"https:\/\/www.robin-data.io\/en\/pressrelease\/quality-management-robin-data-iso-9001-2015-certified\"  alt=\"Robin Data verf\u00fcgt \u00fcber ein zertifiziertes Qualit\u00e4tsmanagementsystem gem\u00e4\u00df ISO 9001\">Link to: Robin Data is ISO 9001 certified<\/a><style type=\"text\/css\" data-created_by=\"avia_inline_auto\" id=\"style-css-av-av_image-b5c934afdfcdbf73fdf9f2b1877838b0\">\n.avia-image-container.av-av_image-b5c934afdfcdbf73fdf9f2b1877838b0 img.avia_image{\nbox-shadow:none;\n}\n.avia-image-container.av-av_image-b5c934afdfcdbf73fdf9f2b1877838b0 .av-image-caption-overlay-center{\ncolor:#ffffff;\n}\n<\/style>\n<div  class='avia-image-container av-av_image-b5c934afdfcdbf73fdf9f2b1877838b0 av-styling- avia_animated_image av-animated-when-visible-95 right-to-left avia-align-left  avia-builder-el-11  avia-builder-el-no-sibling'   itemprop=\"image\" itemscope=\"itemscope\" itemtype=\"https:\/\/schema.org\/ImageObject\" ><div class=\"avia-image-container-inner\"><div class=\"avia-image-overlay-wrap\"><img decoding=\"async\" fetchpriority=\"high\" class='wp-image-9082 avia-img-lazy-loading-not-9082 avia_image' src=\"https:\/\/media.robin-data.io\/2024\/03\/04132835\/ISO_9001_farbe_en.png\" alt='T\u00dcV-certified data protection' title='T\u00dcV-certified data protection'  height=\"149\" width=\"300\"  itemprop=\"thumbnailUrl\" srcset=\"https:\/\/media.robin-data.io\/2024\/03\/04132835\/ISO_9001_farbe_en.png 261w, https:\/\/media.robin-data.io\/2024\/03\/04132835\/ISO_9001_farbe_en-18x9.png 18w\" sizes=\"(max-width: 300px) 100vw, 300px\" \/><\/div><\/div><\/div><\/div>\n<style type=\"text\/css\" data-created_by=\"avia_inline_auto\" id=\"style-css-av-av_one_fourth-407a6b724dc8e88223868a001d870abf\">\n.flex_column.av-av_one_fourth-407a6b724dc8e88223868a001d870abf{\nborder-radius:0px 0px 0px 0px;\npadding:0px 0px 0px 0px;\n}\n<\/style>\n<div  class='flex_column av-av_one_fourth-407a6b724dc8e88223868a001d870abf av_one_fourth  avia-builder-el-12  el_after_av_one_fourth  avia-builder-el-last  no_margin flex_column_table_cell av-equal-height-column av-align-middle av-zero-column-padding avia-link-column av-column-link  column-top-margin'    data-link-column-url=\"https:\/\/www.robin-data.io\/en\/pressrelease\/robin-data-iso-27001-certified\"   ><a class=\"av-screen-reader-only\" href=\"https:\/\/www.robin-data.io\/en\/pressrelease\/robin-data-iso-27001-certified\"  alt=\"Robin Data verf\u00fcgt \u00fcber ein zertifiziertes Informationssicherheits-Managementsystem gem\u00e4\u00df ISO 27001\">Link to: Robin Data is ISO 27001 certified<\/a><style type=\"text\/css\" data-created_by=\"avia_inline_auto\" id=\"style-css-av-av_image-8e229f625cebff27e079638168435e04\">\n.avia-image-container.av-av_image-8e229f625cebff27e079638168435e04 img.avia_image{\nbox-shadow:none;\n}\n.avia-image-container.av-av_image-8e229f625cebff27e079638168435e04 .av-image-caption-overlay-center{\ncolor:#ffffff;\n}\n<\/style>\n<div  class='avia-image-container av-av_image-8e229f625cebff27e079638168435e04 av-styling- avia_animated_image av-animated-when-visible-95 right-to-left avia-align-left  avia-builder-el-13  avia-builder-el-no-sibling'   itemprop=\"image\" itemscope=\"itemscope\" itemtype=\"https:\/\/schema.org\/ImageObject\" ><div class=\"avia-image-container-inner\"><div class=\"avia-image-overlay-wrap\"><img decoding=\"async\" fetchpriority=\"high\" class='wp-image-10872 avia-img-lazy-loading-not-10872 avia_image' src=\"https:\/\/media.robin-data.io\/2024\/03\/04132808\/ISO_27001_colour_en.gif\" alt='T\u00dcV-certified data protection' title='T\u00dcV-certified data protection'  height=\"150\" width=\"300\"  itemprop=\"thumbnailUrl\" sizes=\"(max-width: 300px) 100vw, 300px\" \/><\/div><\/div><\/div><\/div><\/div><!--close column table wrapper. Autoclose: 1 --><\/div><\/div><\/main><!-- close content main element --><\/div><\/div><\/div><div id='after_section_1'  class='main_color av_default_container_wrap container_wrap sidebar_right'  ><div class='container av-section-cont-open' ><div class='template-page content  av-content-small alpha units'><div class='post-entry post-entry-type-page post-entry-2434'><div class='entry-content-wrapper clearfix'>\n<style type=\"text\/css\" data-created_by=\"avia_inline_auto\" id=\"style-css-av-2law36-75c88c5abd1c8e53355d93cd1ac2cc51\">\n.flex_column.av-2law36-75c88c5abd1c8e53355d93cd1ac2cc51{\nborder-radius:0px 0px 0px 0px;\npadding:0px 0px 0px 0px;\n}\n<\/style>\n<div  class='flex_column av-2law36-75c88c5abd1c8e53355d93cd1ac2cc51 av_one_full  avia-builder-el-14  el_after_av_section  avia-builder-el-no-sibling  first flex_column_div av-zero-column-padding'     ><section  class='av_textblock_section av-kda7t1z0-b2985b0ddc40d473fa8314c301a7c20a'   itemscope=\"itemscope\" itemtype=\"https:\/\/schema.org\/CreativeWork\" ><div class='avia_textblock'  itemprop=\"text\" ><h2>Legal Disclosure<\/h2>\n<p><strong>Information according to \u00a7 5 DDG<\/strong><\/p>\n<p>Robin Data GmbH<br \/>\nFritz-Haber-Str. 9<br \/>\n06217 Merseburg<\/p>\n<p>Commercial register: HRB 26213<br \/>\nRegister court: Local court Stendal<\/p>\n<p><strong>Represented by the managing directors:<\/strong><br \/>\nProf. Dr. Andre D\u00f6ring<\/p>\n<p><strong>Contact<\/strong><br \/>\nPhone: +49 3461 479236-0<br \/>\nFax: +49 3461 479895-9<br \/>\ne-mail: info@robin-data.io<\/p>\n<p><strong>Tax information<br \/>\n<\/strong>Tax number 122\/115\/03124<br \/>\nSales tax identification number according to \u00a727 a sales tax law: DE320992201<\/p>\n<p><strong>Dispute Settlement<\/strong><\/p>\n<p>The European Commission provides an online dispute resolution (OS) platform: https:\/\/ec.europa.eu\/consumers\/odr.<br \/>\nYou will find our e-mail address at the top of the imprint.<\/p>\n<p>We are not willing or obliged to participate in dispute resolution proceedings before a consumer arbitration board.<\/p>\n<p><strong>Brands<\/strong><br \/>\nRobin Data is a registered word mark of Robin Data GmbH<\/p>\n<p><strong>Copyright<\/strong><\/p>\n<p>The contents and works on these pages created by the site operators are subject to German copyright law. The reproduction, editing, distribution and any kind of use outside the limits of copyright law require the written consent of the respective author or creator. Downloads and copies of these pages are only permitted for private, non-commercial use.<\/p>\n<p>Insofar as the content on this site was not created by the operator, the copyrights of third parties are respected. In particular, third-party content is identified as such. Should you nevertheless become aware of a copyright infringement, please inform us accordingly. If we become aware of any infringements, we will remove such contents immediately.<\/p>\n<\/div><\/section><\/div><\/p>","protected":false},"excerpt":{"rendered":"","protected":false},"author":3,"featured_media":0,"parent":0,"menu_order":0,"comment_status":"closed","ping_status":"closed","template":"","meta":{"inline_featured_image":false,"footnotes":""},"class_list":["post-2434","page","type-page","status-publish","hentry"],"yoast_head":"<!-- This site is optimized with the Yoast SEO Premium plugin v26.8 (Yoast SEO v26.8) - https:\/\/yoast.com\/product\/yoast-seo-premium-wordpress\/ -->\n<title>Impressum der Robin Data | Privacy. Security. Experts United.<\/title>\n<meta name=\"description\" content=\"Alle relevanten Informationen an einem Ort: \u00fcberzeugen Sie sich von unserer Transparenz im Impressum der Robin Data GmbH. \u2714\" \/>\n<meta name=\"robots\" content=\"index, follow, max-snippet:-1, max-image-preview:large, max-video-preview:-1\" \/>\n<link rel=\"canonical\" href=\"https:\/\/www.robin-data.io\/en\/legal-disclosure\" \/>\n<meta property=\"og:locale\" content=\"en_GB\" \/>\n<meta property=\"og:type\" content=\"article\" \/>\n<meta property=\"og:title\" content=\"Impressum\" \/>\n<meta property=\"og:description\" content=\"Alle relevanten Informationen an einem Ort: \u00fcberzeugen Sie sich von unserer Transparenz im Impressum der Robin Data GmbH. \u2714\" \/>\n<meta property=\"og:url\" content=\"https:\/\/www.robin-data.io\/en\/legal-disclosure\" \/>\n<meta property=\"og:site_name\" content=\"Robin Data GmbH\" \/>\n<meta property=\"article:publisher\" content=\"https:\/\/www.facebook.com\/robindatade\/\" \/>\n<meta property=\"article:modified_time\" content=\"2024-05-28T11:39:33+00:00\" \/>\n<meta name=\"twitter:card\" content=\"summary_large_image\" \/>\n<meta name=\"twitter:site\" content=\"@RobinData_DE\" \/>\n<meta name=\"twitter:label1\" content=\"Estimated reading time\" \/>\n\t<meta name=\"twitter:data1\" content=\"2 minutes\" \/>\n<script type=\"application\/ld+json\" class=\"yoast-schema-graph\">{\"@context\":\"https:\/\/schema.org\",\"@graph\":[{\"@type\":\"WebPage\",\"@id\":\"https:\/\/www.robin-data.io\/impressum\",\"url\":\"https:\/\/www.robin-data.io\/impressum\",\"name\":\"Impressum der Robin Data | Privacy. Security. Experts United.\",\"isPartOf\":{\"@id\":\"https:\/\/www.robin-data.io\/#website\"},\"datePublished\":\"2020-08-21T12:10:40+00:00\",\"dateModified\":\"2024-05-28T11:39:33+00:00\",\"description\":\"Alle relevanten Informationen an einem Ort: \u00fcberzeugen Sie sich von unserer Transparenz im Impressum der Robin Data GmbH. \u2714\",\"breadcrumb\":{\"@id\":\"https:\/\/www.robin-data.io\/impressum#breadcrumb\"},\"inLanguage\":\"en-GB\",\"potentialAction\":[{\"@type\":\"ReadAction\",\"target\":[\"https:\/\/www.robin-data.io\/impressum\"]}]},{\"@type\":\"BreadcrumbList\",\"@id\":\"https:\/\/www.robin-data.io\/impressum#breadcrumb\",\"itemListElement\":[{\"@type\":\"ListItem\",\"position\":1,\"name\":\"Startseite\",\"item\":\"https:\/\/www.robin-data.io\/startseite\"},{\"@type\":\"ListItem\",\"position\":2,\"name\":\"Impressum\"}]},{\"@type\":\"WebSite\",\"@id\":\"https:\/\/www.robin-data.io\/#website\",\"url\":\"https:\/\/www.robin-data.io\/\",\"name\":\"Robin Data GmbH\",\"description\":\"Robin Data ComplianceOS\u00ae Das Compliance Operating System\",\"potentialAction\":[{\"@type\":\"SearchAction\",\"target\":{\"@type\":\"EntryPoint\",\"urlTemplate\":\"https:\/\/www.robin-data.io\/?s={search_term_string}\"},\"query-input\":{\"@type\":\"PropertyValueSpecification\",\"valueRequired\":true,\"valueName\":\"search_term_string\"}}],\"inLanguage\":\"en-GB\"}]}<\/script>\n<!-- \/ Yoast SEO Premium plugin. -->","yoast_head_json":{"title":"Imprint of Robin Data | Privacy. Security. Experts United.","description":"All relevant information in one place: convince yourself of our transparency in the imprint of Robin Data GmbH. \u2714","robots":{"index":"index","follow":"follow","max-snippet":"max-snippet:-1","max-image-preview":"max-image-preview:large","max-video-preview":"max-video-preview:-1"},"canonical":"https:\/\/www.robin-data.io\/en\/legal-disclosure","og_locale":"en_GB","og_type":"article","og_title":"Impressum","og_description":"Alle relevanten Informationen an einem Ort: \u00fcberzeugen Sie sich von unserer Transparenz im Impressum der Robin Data GmbH. \u2714","og_url":"https:\/\/www.robin-data.io\/en\/legal-disclosure","og_site_name":"Robin Data GmbH","article_publisher":"https:\/\/www.facebook.com\/robindatade\/","article_modified_time":"2024-05-28T11:39:33+00:00","twitter_card":"summary_large_image","twitter_site":"@RobinData_DE","twitter_misc":{"Estimated reading time":"2 minutes"},"schema":{"@context":"https:\/\/schema.org","@graph":[{"@type":"WebPage","@id":"https:\/\/www.robin-data.io\/impressum","url":"https:\/\/www.robin-data.io\/impressum","name":"Imprint of Robin Data | Privacy. Security. Experts United.","isPartOf":{"@id":"https:\/\/www.robin-data.io\/#website"},"datePublished":"2020-08-21T12:10:40+00:00","dateModified":"2024-05-28T11:39:33+00:00","description":"All relevant information in one place: convince yourself of our transparency in the imprint of Robin Data GmbH. \u2714","breadcrumb":{"@id":"https:\/\/www.robin-data.io\/impressum#breadcrumb"},"inLanguage":"en-GB","potentialAction":[{"@type":"ReadAction","target":["https:\/\/www.robin-data.io\/impressum"]}]},{"@type":"BreadcrumbList","@id":"https:\/\/www.robin-data.io\/impressum#breadcrumb","itemListElement":[{"@type":"ListItem","position":1,"name":"Startseite","item":"https:\/\/www.robin-data.io\/startseite"},{"@type":"ListItem","position":2,"name":"Impressum"}]},{"@type":"WebSite","@id":"https:\/\/www.robin-data.io\/#website","url":"https:\/\/www.robin-data.io\/","name":"Robin Data GmbH","description":"Robin Data ComplianceOS\u00ae The Compliance Operating System","potentialAction":[{"@type":"SearchAction","target":{"@type":"EntryPoint","urlTemplate":"https:\/\/www.robin-data.io\/?s={search_term_string}"},"query-input":{"@type":"PropertyValueSpecification","valueRequired":true,"valueName":"search_term_string"}}],"inLanguage":"en-GB"}]}},"_links":{"self":[{"href":"https:\/\/www.robin-data.io\/en\/wp-json\/wp\/v2\/pages\/2434","targetHints":{"allow":["GET"]}}],"collection":[{"href":"https:\/\/www.robin-data.io\/en\/wp-json\/wp\/v2\/pages"}],"about":[{"href":"https:\/\/www.robin-data.io\/en\/wp-json\/wp\/v2\/types\/page"}],"author":[{"embeddable":true,"href":"https:\/\/www.robin-data.io\/en\/wp-json\/wp\/v2\/users\/3"}],"replies":[{"embeddable":true,"href":"https:\/\/www.robin-data.io\/en\/wp-json\/wp\/v2\/comments?post=2434"}],"version-history":[{"count":15,"href":"https:\/\/www.robin-data.io\/en\/wp-json\/wp\/v2\/pages\/2434\/revisions"}],"predecessor-version":[{"id":10517,"href":"https:\/\/www.robin-data.io\/en\/wp-json\/wp\/v2\/pages\/2434\/revisions\/10517"}],"wp:attachment":[{"href":"https:\/\/www.robin-data.io\/en\/wp-json\/wp\/v2\/media?parent=2434"}],"curies":[{"name":"wp","href":"https:\/\/api.w.org\/{rel}","templated":true}]}}