{"id":1587,"date":"2020-06-03T11:39:36","date_gmt":"2020-06-03T09:39:36","guid":{"rendered":"https:\/\/87adsf68asd7f6.tatooine.link\/?page_id=1587"},"modified":"2023-01-24T10:28:35","modified_gmt":"2023-01-24T09:28:35","slug":"free-consultation","status":"publish","type":"page","link":"https:\/\/www.robin-data.io\/en\/free-consultation","title":{"rendered":"Get free advice"},"content":{"rendered":"<style type=\"text\/css\" data-created_by=\"avia_inline_auto\" id=\"style-css-av-kks4m8v0-ebca84e9bafcc6b22353cd6b97ad9c43\">\n.avia-section.av-kks4m8v0-ebca84e9bafcc6b22353cd6b97ad9c43{\nbackground-color:#01064a;\nbackground-repeat:no-repeat;\nbackground-image:url(https:\/\/media.robin-data.io\/2021\/03\/11110435\/Plattform_RDA.svg), linear-gradient( to top right, #01064a, #00b3bd );\nbackground-position:100% 100%;\nbackground-attachment:scroll;\n}\n<\/style>\n<div id='av_section_1'  class='avia-section av-kks4m8v0-ebca84e9bafcc6b22353cd6b97ad9c43 main_color avia-section-default avia-no-border-styling  avia-builder-el-0  el_before_av_section  avia-builder-el-first  avia-bg-style-scroll av-minimum-height av-minimum-height-75 av-height-75  container_wrap sidebar_right'  data-section-bg-repeat='no-repeat' data-av_minimum_height_pc='75' data-av_min_height_opt='75'><div class='container av-section-cont-open' ><main  role=\"main\" itemprop=\"mainContentOfPage\"  class='template-page content  av-content-small alpha units'><div class='post-entry post-entry-type-page post-entry-1587'><div class='entry-content-wrapper clearfix'>\n<div class='flex_column_table av-kks4lcdb-526cbb1d5e7221d26368b12cf6525607 sc-av_two_third av-break-at-tablet-flextable av-equal-height-column-flextable'>\n<style type=\"text\/css\" data-created_by=\"avia_inline_auto\" id=\"style-css-av-kks4lcdb-526cbb1d5e7221d26368b12cf6525607\">\n.flex_column.av-kks4lcdb-526cbb1d5e7221d26368b12cf6525607{\nborder-radius:0px 0px 0px 0px;\npadding:0px 0px 0px 0px;\n}\n<\/style>\n<div  class='flex_column av-kks4lcdb-526cbb1d5e7221d26368b12cf6525607 av_two_third  avia-builder-el-1  el_before_av_one_fifth  avia-builder-el-first  first av-break-at-tablet flex_column_table_cell av-equal-height-column av-align-middle av-zero-column-padding'     ><p>\n<style type=\"text\/css\" data-created_by=\"avia_inline_auto\" id=\"style-css-av-5l8rer-468aa62f572f5e7d11cdd414f83b11f2\">\n#top .av-special-heading.av-5l8rer-468aa62f572f5e7d11cdd414f83b11f2{\npadding-bottom:10px;\ncolor:#ffffff;\n}\nbody .av-special-heading.av-5l8rer-468aa62f572f5e7d11cdd414f83b11f2 .av-special-heading-tag .heading-char{\nfont-size:25px;\n}\n.av-special-heading.av-5l8rer-468aa62f572f5e7d11cdd414f83b11f2 .special-heading-inner-border{\nborder-color:#ffffff;\n}\n.av-special-heading.av-5l8rer-468aa62f572f5e7d11cdd414f83b11f2 .av-subheading{\nfont-size:15px;\n}\n<\/style>\n<div  class='av-special-heading av-5l8rer-468aa62f572f5e7d11cdd414f83b11f2 av-special-heading-h1 custom-color-heading blockquote modern-quote  avia-builder-el-2  el_before_av_hr  avia-builder-el-first'><div class='av_custom_color av-subheading av-subheading_above'><p>Privacy. Security. Experts United.<\/p>\n<\/div><h1 class='av-special-heading-tag'  itemprop=\"headline\"  >Get free advice<\/h1><div class=\"special-heading-border\"><div class=\"special-heading-inner-border\"><\/div><\/div><\/div><br \/>\n\n<style type=\"text\/css\" data-created_by=\"avia_inline_auto\" id=\"style-css-av-kkvrfjup-5ad55eae12a799243c6839c4de090122\">\n#top .hr.hr-invisible.av-kkvrfjup-5ad55eae12a799243c6839c4de090122{\nheight:24px;\n}\n<\/style>\n<div  class='hr av-kkvrfjup-5ad55eae12a799243c6839c4de090122 hr-invisible  avia-builder-el-3  el_after_av_heading  el_before_av_textblock'><span class='hr-inner'><span class=\"hr-inner-style\"><\/span><\/span><\/div><br \/>\n\n<style type=\"text\/css\" data-created_by=\"avia_inline_auto\" id=\"style-css-av-kkv5dw5r-d30e32fac6d6d63d849cc06c8ec7536b\">\n#top .av_textblock_section.av-kkv5dw5r-d30e32fac6d6d63d849cc06c8ec7536b .avia_textblock{\ncolor:#ffffff;\n}\n<\/style>\n<section  class='av_textblock_section av-kkv5dw5r-d30e32fac6d6d63d849cc06c8ec7536b'   itemscope=\"itemscope\" itemtype=\"https:\/\/schema.org\/CreativeWork\" ><div class='avia_textblock av_inherit_color'  itemprop=\"text\" ><p style=\"font-size: 20px; text-align: left;\">Unsere Datenschutzberater unterst\u00fctzen Sie auf Ihrem Weg zum DSGVO-konformen Datenschutz.<\/p>\n<\/div><\/section><br \/>\n\n<style type=\"text\/css\" data-created_by=\"avia_inline_auto\" id=\"style-css-av-kkvuwjp5-159d7c2f176d094583c6bf0ebe1969a8\">\n#top .hr.hr-invisible.av-kkvuwjp5-159d7c2f176d094583c6bf0ebe1969a8{\nheight:48px;\n}\n<\/style>\n<div  class='hr av-kkvuwjp5-159d7c2f176d094583c6bf0ebe1969a8 hr-invisible  avia-builder-el-5  el_after_av_textblock  el_before_av_buttonrow'><span class='hr-inner'><span class=\"hr-inner-style\"><\/span><\/span><\/div><br \/>\n<div  class='avia-buttonrow-wrap av-kkvra7m9-f311db9052be97ec8abe09536ac70bba avia-buttonrow-left  avia-builder-el-6  el_after_av_hr  avia-builder-el-last'>\n\n<style type=\"text\/css\" data-created_by=\"avia_inline_auto\" id=\"style-css-av-3n3977-645f8e81be44c35a40d168add6863a1e\">\n#top #wrap_all .avia-button.av-3n3977-645f8e81be44c35a40d168add6863a1e{\nmargin-bottom:24px;\nmargin-right:24px;\n}\n<\/style>\n<a href='https:\/\/www.robin-data.io\/en\/events\/#demo'  class='avia-button av-3n3977-645f8e81be44c35a40d168add6863a1e avia-icon_select-yes-left-icon avia-size-large av-icon-on-hover avia-color-theme-color'   aria-label=\"Book demo\"><span class='avia_button_icon avia_button_icon_left avia-iconfont avia-font-entypo-fontello' data-av_icon='\ue8ab' data-av_iconfont='entypo-fontello' ><\/span><span class='avia_iconbox_title' >Book demo<\/span><\/a>\n\n<style type=\"text\/css\" data-created_by=\"avia_inline_auto\" id=\"style-css-av-3oop3n-35db8722cf66aadc115abeefe36ac301\">\n#top #wrap_all .avia-button.av-3oop3n-35db8722cf66aadc115abeefe36ac301{\nbackground-color:#00b3bd;\nborder-color:#00b3bd;\ncolor:#ffffff;\ntransition:all 0.4s ease-in-out;\nmargin-bottom:24px;\nmargin-right:24px;\n}\n#top #wrap_all .avia-button.av-3oop3n-35db8722cf66aadc115abeefe36ac301 .avia-svg-icon svg:first-child{\nfill:#ffffff;\nstroke:#ffffff;\n}\n<\/style>\n<a href='https:\/\/www.robin-data.io\/en\/offer-complianceos'  class='avia-button av-3oop3n-35db8722cf66aadc115abeefe36ac301 avia-icon_select-yes-left-icon avia-size-large av-icon-on-hover'   aria-label=\"Request offer\"><span class='avia_button_icon avia_button_icon_left avia-iconfont avia-font-entypo-fontello' data-av_icon='\ue83c' data-av_iconfont='entypo-fontello' ><\/span><span class='avia_iconbox_title' >Request offer<\/span><\/a>\n<\/div><\/p><\/div><div class='av-flex-placeholder'><\/div>\n<style type=\"text\/css\" data-created_by=\"avia_inline_auto\" id=\"style-css-av-cjur2r-96d4e87e061d4ecf25140f06d02122c0\">\n.flex_column.av-cjur2r-96d4e87e061d4ecf25140f06d02122c0{\nborder-radius:0px 0px 0px 0px;\npadding:0px 0px 0px 0px;\n}\n<\/style>\n<div  class='flex_column av-cjur2r-96d4e87e061d4ecf25140f06d02122c0 av_one_fifth  avia-builder-el-7  el_after_av_two_third  el_before_av_one_fifth  av-break-at-tablet flex_column_table_cell av-equal-height-column av-align-middle av-zero-column-padding'     ><\/div><\/div><!--close column table wrapper. Autoclose: 1 --><div class='flex_column_table av-b1kg4z-6223abb5ffac597c64a9ffee96c95690 sc-av_one_fifth av-equal-height-column-flextable'>\n<style type=\"text\/css\" data-created_by=\"avia_inline_auto\" id=\"style-css-av-b1kg4z-6223abb5ffac597c64a9ffee96c95690\">\n.flex_column.av-b1kg4z-6223abb5ffac597c64a9ffee96c95690{\nborder-radius:0px 0px 0px 0px;\npadding:0px 0px 0px 0px;\n}\n<\/style>\n<div  class='flex_column av-b1kg4z-6223abb5ffac597c64a9ffee96c95690 av_one_fifth  avia-builder-el-8  el_after_av_one_fifth  el_before_av_one_fourth  first no_margin flex_column_table_cell av-equal-height-column av-align-middle av-zero-column-padding  column-top-margin'     ><section  class='av_textblock_section av-8rjrub-93e5f4d232c010bd2ae001f308b5de1e'   itemscope=\"itemscope\" itemtype=\"https:\/\/schema.org\/CreativeWork\" ><div class='avia_textblock'  itemprop=\"text\" ><h3 style=\"text-align: left;\"><span style=\"color: #ffffff;\">Robin Data steht f\u00fcr h\u00f6chste <\/span><br class=\"avia-permanent-lb\" \/><span style=\"color: #ffffff;\">Qualit\u00e4ts- und Sicherheitsstandards.<\/span><\/h3>\n<\/div><\/section><\/div>\n<style type=\"text\/css\" data-created_by=\"avia_inline_auto\" id=\"style-css-av-84tfyr-2566ebb5cb957e94eef8730391979fe2\">\n.flex_column.av-84tfyr-2566ebb5cb957e94eef8730391979fe2{\nborder-radius:0px 0px 0px 0px;\npadding:0px 0px 0px 0px;\n}\n<\/style>\n<div  class='flex_column av-84tfyr-2566ebb5cb957e94eef8730391979fe2 av_one_fourth  avia-builder-el-10  el_after_av_one_fifth  el_before_av_one_fourth  no_margin flex_column_table_cell av-equal-height-column av-align-middle av-zero-column-padding  column-top-margin'     ><style type=\"text\/css\" data-created_by=\"avia_inline_auto\" id=\"style-css-av-5ssjcz-1d0b9bcbc46538e8964754ae791dc97d\">\n.avia-image-container.av-5ssjcz-1d0b9bcbc46538e8964754ae791dc97d img.avia_image{\nbox-shadow:none;\n}\n.avia-image-container.av-5ssjcz-1d0b9bcbc46538e8964754ae791dc97d .av-image-caption-overlay-center{\ncolor:#ffffff;\n}\n<\/style>\n<div  class='avia-image-container av-5ssjcz-1d0b9bcbc46538e8964754ae791dc97d av-styling- avia_animated_image av-animated-when-visible-95 right-to-left avia-align-left  avia-builder-el-11  avia-builder-el-no-sibling'   itemprop=\"image\" itemscope=\"itemscope\" itemtype=\"https:\/\/schema.org\/ImageObject\" ><div class=\"avia-image-container-inner\"><div class=\"avia-image-overlay-wrap\"><img decoding=\"async\" fetchpriority=\"high\" class='wp-image-9082 avia-img-lazy-loading-not-9082 avia_image' src=\"https:\/\/media.robin-data.io\/2024\/03\/04132835\/ISO_9001_farbe_en.png\" alt='T\u00dcV-zertifizierter Datenschutz ISO 9001 zertifiziertes Qualit\u00e4tsmanagementsystem' title='Das Qualit\u00e4tsmanagementsystem der Robin Data GmbH ist ISO 9001 zertifiziert'  height=\"149\" width=\"300\"  itemprop=\"thumbnailUrl\" srcset=\"https:\/\/media.robin-data.io\/2024\/03\/04132835\/ISO_9001_farbe_en.png 261w, https:\/\/media.robin-data.io\/2024\/03\/04132835\/ISO_9001_farbe_en-18x9.png 18w\" sizes=\"(max-width: 300px) 100vw, 300px\" \/><\/div><\/div><\/div><\/div>\n<style type=\"text\/css\" data-created_by=\"avia_inline_auto\" id=\"style-css-av-3u0qoj-37ce5a9ba068ef559127529f6acf5b37\">\n.flex_column.av-3u0qoj-37ce5a9ba068ef559127529f6acf5b37{\nborder-radius:0px 0px 0px 0px;\npadding:0px 0px 0px 0px;\n}\n<\/style>\n<div  class='flex_column av-3u0qoj-37ce5a9ba068ef559127529f6acf5b37 av_one_fourth  avia-builder-el-12  el_after_av_one_fourth  avia-builder-el-last  no_margin flex_column_table_cell av-equal-height-column av-align-middle av-zero-column-padding  column-top-margin'     ><style type=\"text\/css\" data-created_by=\"avia_inline_auto\" id=\"style-css-av-23ifvn-982fdb8c68697eb240ef7b7b8ba3378d\">\n.avia-image-container.av-23ifvn-982fdb8c68697eb240ef7b7b8ba3378d img.avia_image{\nbox-shadow:none;\n}\n.avia-image-container.av-23ifvn-982fdb8c68697eb240ef7b7b8ba3378d .av-image-caption-overlay-center{\ncolor:#ffffff;\n}\n<\/style>\n<div  class='avia-image-container av-23ifvn-982fdb8c68697eb240ef7b7b8ba3378d av-styling- avia_animated_image av-animated-when-visible-95 right-to-left avia-align-left  avia-builder-el-13  avia-builder-el-no-sibling'   itemprop=\"image\" itemscope=\"itemscope\" itemtype=\"https:\/\/schema.org\/ImageObject\" ><div class=\"avia-image-container-inner\"><div class=\"avia-image-overlay-wrap\"><img decoding=\"async\" fetchpriority=\"high\" class='wp-image-10872 avia-img-lazy-loading-not-10872 avia_image' src=\"https:\/\/media.robin-data.io\/2024\/03\/04132808\/ISO_27001_colour_en.gif\" alt='T\u00dcV-zertifizierter Datenschutz ISO\/IEC 27001 zertifiziertes Informationssicherheits-Managementsystem' title='The information security management system of Robin Data GmbH is ISO 27001 certified.'  height=\"150\" width=\"300\"  itemprop=\"thumbnailUrl\" sizes=\"(max-width: 300px) 100vw, 300px\" \/><\/div><\/div><\/div><\/div><\/div><!--close column table wrapper. Autoclose: 1 -->\n\n<\/div><\/div><\/main><!-- close content main element --><\/div><\/div><div id='kontakt'  class='avia-section av-k9chu455-5c3db72deb6d306d1c52e80af05d6c77 main_color avia-section-default avia-no-border-styling  avia-builder-el-14  el_after_av_section  avia-builder-el-last  tp_de avia-bg-style-scroll container_wrap sidebar_right'  ><div class='container av-section-cont-open' ><div class='template-page content  av-content-small alpha units'><div class='post-entry post-entry-type-page post-entry-1587'><div class='entry-content-wrapper clearfix'>\n<div class='flex_column_table av-r7clc3-9a1b091bfd00ba0409a7cc42097f1e63 sc-av_one_half av-break-at-tablet-flextable av-equal-height-column-flextable'>\n<style type=\"text\/css\" data-created_by=\"avia_inline_auto\" id=\"style-css-av-r7clc3-9a1b091bfd00ba0409a7cc42097f1e63\">\n@keyframes av_boxShadowEffect_av-r7clc3-9a1b091bfd00ba0409a7cc42097f1e63-column {\n0%   { box-shadow:  0 0 0 0 #f4f4f4; opacity: 1; }\n100% { box-shadow:  0 0 10px 0 #f4f4f4; opacity: 1; }\n}\n.flex_column.av-r7clc3-9a1b091bfd00ba0409a7cc42097f1e63{\nwidth:48.5%;\nmargin-left:0;\nbox-shadow: 0 0 10px 0 #f4f4f4;\nborder-width:1px;\nborder-color:#ededed;\nborder-style:solid;\nborder-radius:0px 0px 0px 0px;\npadding:15px 15px 15px 15px;\n}\n#top .flex_column_table.av-equal-height-column-flextable.av-r7clc3-9a1b091bfd00ba0409a7cc42097f1e63 .av-flex-placeholder{\nwidth:3%;\n}\n<\/style>\n<div  class='flex_column av-r7clc3-9a1b091bfd00ba0409a7cc42097f1e63 av_one_half  avia-builder-el-15  el_before_av_one_half  avia-builder-el-first  first av-break-at-tablet flex_column_table_cell av-equal-height-column av-align-top shadow-not-animated avia-link-column av-column-link avia-link-column-hover'    data-link-column-url=\"https:\/\/www.robin-data.io\/en\/contact\"   ><a class=\"av-screen-reader-only\" href=\"https:\/\/www.robin-data.io\/en\/contact\" >Link to: Contact<\/a><section  class='av_textblock_section av-kmamywef-9ced237ca028dd682c689e5ad3020af6'   itemscope=\"itemscope\" itemtype=\"https:\/\/schema.org\/CreativeWork\" ><div class='avia_textblock'  itemprop=\"text\" ><h2 style=\"text-align: center;\">Free online demo of the software<\/h2>\n<p style=\"text-align: center;\">Besuchen Sie unsere t\u00e4glichen kostenfreien Online-Demos zur Datenschutz-Software von Robin Data.<\/p>\n<\/div><\/section><br \/>\n<div  class='avia-buttonrow-wrap av-kkvra7m9-20-d24894b79a6ed2094ba0820b889b01d8 avia-buttonrow-center  avia-builder-el-17  el_after_av_textblock  avia-builder-el-last'>\n\n<style type=\"text\/css\" data-created_by=\"avia_inline_auto\" id=\"style-css-av-1tw2qr-920a04a0684a74f3dabc25a6e82232fe\">\n#top #wrap_all .avia-button.av-1tw2qr-920a04a0684a74f3dabc25a6e82232fe{\nbackground-color:#00b3bd;\nborder-color:#00b3bd;\ncolor:#ffffff;\ntransition:all 0.4s ease-in-out;\nmargin-bottom:24px;\nmargin-right:12px;\nmargin-left:12px;\n}\n#top #wrap_all .avia-button.av-1tw2qr-920a04a0684a74f3dabc25a6e82232fe .avia-svg-icon svg:first-child{\nfill:#ffffff;\nstroke:#ffffff;\n}\n<\/style>\n<a href='https:\/\/www.robin-data.io\/en\/events\/#demo'  class='avia-button av-1tw2qr-920a04a0684a74f3dabc25a6e82232fe avia-icon_select-yes-left-icon avia-size-large av-icon-on-hover'   aria-label=\"Book a demo\"><span class='avia_button_icon avia_button_icon_left avia-iconfont avia-font-entypo-fontello' data-av_icon='\ue8ab' data-av_iconfont='entypo-fontello' ><\/span><span class='avia_iconbox_title' >Book a demo<\/span><\/a>\n<\/div><\/p><\/div><div class='av-flex-placeholder'><\/div>\n<style type=\"text\/css\" data-created_by=\"avia_inline_auto\" id=\"style-css-av-av_one_half-b22778f15ae86c18db6f4268c07177bc\">\n@keyframes av_boxShadowEffect_av-av_one_half-b22778f15ae86c18db6f4268c07177bc-column {\n0%   { box-shadow:  0 0 0 0 #f4f4f4; opacity: 1; }\n100% { box-shadow:  0 0 10px 0 #f4f4f4; opacity: 1; }\n}\n.flex_column.av-av_one_half-b22778f15ae86c18db6f4268c07177bc{\nwidth:48.5%;\nmargin-left:0;\nbox-shadow: 0 0 10px 0 #f4f4f4;\nborder-width:1px;\nborder-color:#ededed;\nborder-style:solid;\nborder-radius:0px 0px 0px 0px;\npadding:15px 15px 15px 15px;\n}\n#top .flex_column_table.av-equal-height-column-flextable.av-av_one_half-b22778f15ae86c18db6f4268c07177bc .av-flex-placeholder{\nwidth:3%;\n}\n<\/style>\n<div  class='flex_column av-av_one_half-b22778f15ae86c18db6f4268c07177bc av_one_half  avia-builder-el-18  el_after_av_one_half  avia-builder-el-last  av-break-at-tablet flex_column_table_cell av-equal-height-column av-align-top shadow-not-animated avia-link-column av-column-link avia-link-column-hover'    data-link-column-url=\"https:\/\/www.robin-data.io\/en\/contact\"   ><a class=\"av-screen-reader-only\" href=\"https:\/\/www.robin-data.io\/en\/contact\" >Link to: Contact<\/a><section  class='av_textblock_section av-kmamywef-19-d78a2bcebf48d6f90d76c4b0e9382179'   itemscope=\"itemscope\" itemtype=\"https:\/\/schema.org\/CreativeWork\" ><div class='avia_textblock'  itemprop=\"text\" ><h2 style=\"text-align: center;\">Get free advice<\/h2>\n<p style=\"text-align: center;\">Ask for a non-binding offer, we will be happy to provide advice you on your requirements.<\/p>\n<\/div><\/section><br \/>\n<div  class='avia-buttonrow-wrap av-kkvra7m9-18-f943521ca148dacb8e0f4472ff4d91e9 avia-buttonrow-center  avia-builder-el-20  el_after_av_textblock  avia-builder-el-last'>\n\n<style type=\"text\/css\" data-created_by=\"avia_inline_auto\" id=\"style-css-av-1zbrhv-504dd5b3993e102fc892c0fa1868c925\">\n#top #wrap_all .avia-button.av-1zbrhv-504dd5b3993e102fc892c0fa1868c925{\nbackground-color:#00b3bd;\nborder-color:#00b3bd;\ncolor:#ffffff;\ntransition:all 0.4s ease-in-out;\nmargin-bottom:24px;\nmargin-right:12px;\nmargin-left:12px;\n}\n#top #wrap_all .avia-button.av-1zbrhv-504dd5b3993e102fc892c0fa1868c925 .avia-svg-icon svg:first-child{\nfill:#ffffff;\nstroke:#ffffff;\n}\n<\/style>\n<a href='https:\/\/www.robin-data.io\/en\/offer-complianceos'  class='avia-button av-1zbrhv-504dd5b3993e102fc892c0fa1868c925 avia-icon_select-yes-left-icon avia-size-large av-icon-on-hover'   aria-label=\"Request offer\"><span class='avia_button_icon avia_button_icon_left avia-iconfont avia-font-entypo-fontello' data-av_icon='\ue83c' data-av_iconfont='entypo-fontello' ><\/span><span class='avia_iconbox_title' >Request offer<\/span><\/a>\n<\/div><\/p><\/div><\/div><!--close column table wrapper. Autoclose: 1 --><\/div><\/div><\/div><!-- close content main div --><\/div><\/div><div id='after_section_2'  class='main_color av_default_container_wrap container_wrap sidebar_right'  ><div class='container av-section-cont-open' ><div class='template-page content  av-content-small alpha units'><div class='post-entry post-entry-type-page post-entry-1587'><div class='entry-content-wrapper clearfix'>","protected":false},"excerpt":{"rendered":"","protected":false},"author":3,"featured_media":0,"parent":0,"menu_order":0,"comment_status":"closed","ping_status":"closed","template":"","meta":{"inline_featured_image":false,"footnotes":""},"class_list":["post-1587","page","type-page","status-publish","hentry"],"yoast_head":"<!-- This site is optimized with the Yoast SEO Premium plugin v26.8 (Yoast SEO v26.8) - https:\/\/yoast.com\/product\/yoast-seo-premium-wordpress\/ -->\n<title>Kostenfrei beraten lassen | Privacy. Security. Experts United.<\/title>\n<meta name=\"description\" content=\"Unsere Datenschutzberater unterst\u00fctzen Sie auf Ihrem Weg zum DSGVO-konformen Datenschutz \u27a8 Jetzt Kostenfrei beraten lassen \u2714\" \/>\n<meta name=\"robots\" content=\"index, follow, max-snippet:-1, max-image-preview:large, max-video-preview:-1\" \/>\n<link rel=\"canonical\" href=\"https:\/\/www.robin-data.io\/en\/free-consultation\" \/>\n<meta property=\"og:locale\" content=\"en_GB\" \/>\n<meta property=\"og:type\" content=\"article\" \/>\n<meta property=\"og:title\" content=\"Kostenfrei beraten lassen\" \/>\n<meta property=\"og:description\" content=\"Unsere Datenschutzberater unterst\u00fctzen Sie auf Ihrem Weg zum DSGVO-konformen Datenschutz \u27a8 Jetzt Kostenfrei beraten lassen \u2714\" \/>\n<meta property=\"og:url\" content=\"https:\/\/www.robin-data.io\/en\/free-consultation\" \/>\n<meta property=\"og:site_name\" content=\"Robin Data GmbH\" \/>\n<meta property=\"article:publisher\" content=\"https:\/\/www.facebook.com\/robindatade\/\" \/>\n<meta property=\"article:modified_time\" content=\"2023-01-24T09:28:35+00:00\" \/>\n<meta name=\"twitter:card\" content=\"summary_large_image\" \/>\n<meta name=\"twitter:site\" content=\"@RobinData_DE\" \/>\n<meta name=\"twitter:label1\" content=\"Estimated reading time\" \/>\n\t<meta name=\"twitter:data1\" content=\"6 minutes\" \/>\n<script type=\"application\/ld+json\" class=\"yoast-schema-graph\">{\"@context\":\"https:\/\/schema.org\",\"@graph\":[{\"@type\":\"WebPage\",\"@id\":\"https:\/\/www.robin-data.io\/kostenfrei-beraten-lassen\",\"url\":\"https:\/\/www.robin-data.io\/kostenfrei-beraten-lassen\",\"name\":\"Kostenfrei beraten lassen | Privacy. Security. Experts United.\",\"isPartOf\":{\"@id\":\"https:\/\/www.robin-data.io\/#website\"},\"datePublished\":\"2020-06-03T09:39:36+00:00\",\"dateModified\":\"2023-01-24T09:28:35+00:00\",\"description\":\"Unsere Datenschutzberater unterst\u00fctzen Sie auf Ihrem Weg zum DSGVO-konformen Datenschutz \u27a8 Jetzt Kostenfrei beraten lassen \u2714\",\"breadcrumb\":{\"@id\":\"https:\/\/www.robin-data.io\/kostenfrei-beraten-lassen#breadcrumb\"},\"inLanguage\":\"en-GB\",\"potentialAction\":[{\"@type\":\"ReadAction\",\"target\":[\"https:\/\/www.robin-data.io\/kostenfrei-beraten-lassen\"]}]},{\"@type\":\"BreadcrumbList\",\"@id\":\"https:\/\/www.robin-data.io\/kostenfrei-beraten-lassen#breadcrumb\",\"itemListElement\":[{\"@type\":\"ListItem\",\"position\":1,\"name\":\"Startseite\",\"item\":\"https:\/\/www.robin-data.io\/startseite\"},{\"@type\":\"ListItem\",\"position\":2,\"name\":\"Kostenfrei beraten lassen\"}]},{\"@type\":\"WebSite\",\"@id\":\"https:\/\/www.robin-data.io\/#website\",\"url\":\"https:\/\/www.robin-data.io\/\",\"name\":\"Robin Data GmbH\",\"description\":\"Robin Data ComplianceOS\u00ae Das Compliance Operating System\",\"potentialAction\":[{\"@type\":\"SearchAction\",\"target\":{\"@type\":\"EntryPoint\",\"urlTemplate\":\"https:\/\/www.robin-data.io\/?s={search_term_string}\"},\"query-input\":{\"@type\":\"PropertyValueSpecification\",\"valueRequired\":true,\"valueName\":\"search_term_string\"}}],\"inLanguage\":\"en-GB\"}]}<\/script>\n<!-- \/ Yoast SEO Premium plugin. -->","yoast_head_json":{"title":"Get free advice | Privacy. Security. Experts United.","description":"Unsere Datenschutzberater unterst\u00fctzen Sie auf Ihrem Weg zum DSGVO-konformen Datenschutz \u27a8 Jetzt Kostenfrei beraten lassen \u2714","robots":{"index":"index","follow":"follow","max-snippet":"max-snippet:-1","max-image-preview":"max-image-preview:large","max-video-preview":"max-video-preview:-1"},"canonical":"https:\/\/www.robin-data.io\/en\/free-consultation","og_locale":"en_GB","og_type":"article","og_title":"Kostenfrei beraten lassen","og_description":"Unsere Datenschutzberater unterst\u00fctzen Sie auf Ihrem Weg zum DSGVO-konformen Datenschutz \u27a8 Jetzt Kostenfrei beraten lassen \u2714","og_url":"https:\/\/www.robin-data.io\/en\/free-consultation","og_site_name":"Robin Data GmbH","article_publisher":"https:\/\/www.facebook.com\/robindatade\/","article_modified_time":"2023-01-24T09:28:35+00:00","twitter_card":"summary_large_image","twitter_site":"@RobinData_DE","twitter_misc":{"Estimated reading time":"6 minutes"},"schema":{"@context":"https:\/\/schema.org","@graph":[{"@type":"WebPage","@id":"https:\/\/www.robin-data.io\/kostenfrei-beraten-lassen","url":"https:\/\/www.robin-data.io\/kostenfrei-beraten-lassen","name":"Get free advice | Privacy. Security. Experts United.","isPartOf":{"@id":"https:\/\/www.robin-data.io\/#website"},"datePublished":"2020-06-03T09:39:36+00:00","dateModified":"2023-01-24T09:28:35+00:00","description":"Unsere Datenschutzberater unterst\u00fctzen Sie auf Ihrem Weg zum DSGVO-konformen Datenschutz \u27a8 Jetzt Kostenfrei beraten lassen \u2714","breadcrumb":{"@id":"https:\/\/www.robin-data.io\/kostenfrei-beraten-lassen#breadcrumb"},"inLanguage":"en-GB","potentialAction":[{"@type":"ReadAction","target":["https:\/\/www.robin-data.io\/kostenfrei-beraten-lassen"]}]},{"@type":"BreadcrumbList","@id":"https:\/\/www.robin-data.io\/kostenfrei-beraten-lassen#breadcrumb","itemListElement":[{"@type":"ListItem","position":1,"name":"Startseite","item":"https:\/\/www.robin-data.io\/startseite"},{"@type":"ListItem","position":2,"name":"Kostenfrei beraten lassen"}]},{"@type":"WebSite","@id":"https:\/\/www.robin-data.io\/#website","url":"https:\/\/www.robin-data.io\/","name":"Robin Data GmbH","description":"Robin Data ComplianceOS\u00ae Das Compliance Operating System","potentialAction":[{"@type":"SearchAction","target":{"@type":"EntryPoint","urlTemplate":"https:\/\/www.robin-data.io\/?s={search_term_string}"},"query-input":{"@type":"PropertyValueSpecification","valueRequired":true,"valueName":"search_term_string"}}],"inLanguage":"en-GB"}]}},"_links":{"self":[{"href":"https:\/\/www.robin-data.io\/en\/wp-json\/wp\/v2\/pages\/1587","targetHints":{"allow":["GET"]}}],"collection":[{"href":"https:\/\/www.robin-data.io\/en\/wp-json\/wp\/v2\/pages"}],"about":[{"href":"https:\/\/www.robin-data.io\/en\/wp-json\/wp\/v2\/types\/page"}],"author":[{"embeddable":true,"href":"https:\/\/www.robin-data.io\/en\/wp-json\/wp\/v2\/users\/3"}],"replies":[{"embeddable":true,"href":"https:\/\/www.robin-data.io\/en\/wp-json\/wp\/v2\/comments?post=1587"}],"version-history":[{"count":16,"href":"https:\/\/www.robin-data.io\/en\/wp-json\/wp\/v2\/pages\/1587\/revisions"}],"predecessor-version":[{"id":6295,"href":"https:\/\/www.robin-data.io\/en\/wp-json\/wp\/v2\/pages\/1587\/revisions\/6295"}],"wp:attachment":[{"href":"https:\/\/www.robin-data.io\/en\/wp-json\/wp\/v2\/media?parent=1587"}],"curies":[{"name":"wp","href":"https:\/\/api.w.org\/{rel}","templated":true}]}}