{"id":11869,"date":"2021-08-26T14:48:26","date_gmt":"2021-08-26T12:48:26","guid":{"rendered":"https:\/\/www.robin-data.io\/?page_id=11869"},"modified":"2024-02-14T19:42:48","modified_gmt":"2024-02-14T18:42:48","slug":"disclaimer","status":"publish","type":"page","link":"https:\/\/www.robin-data.io\/en\/disclaimer","title":{"rendered":"Disclaimer"},"content":{"rendered":"<style type=\"text\/css\" data-created_by=\"avia_inline_auto\" id=\"style-css-av-5lspbgd-f3f8bceff78758a1e1499c78af8a0952\">\n.avia-section.av-5lspbgd-f3f8bceff78758a1e1499c78af8a0952{\nbackground-color:#01064a;\nbackground:linear-gradient( to top right, #01064a, #00b3bd );\n}\n.avia-section.av-5lspbgd-f3f8bceff78758a1e1499c78af8a0952 .av-section-color-overlay{\nopacity:0.1;\nbackground-color:#01064a;\nbackground-image:url(https:\/\/media.robin-data.io\/2022\/03\/15114411\/platine_platine-02.svg);\nbackground-repeat:repeat;\n}\n<\/style>\n<div id='av_section_1'  class='avia-section av-5lspbgd-f3f8bceff78758a1e1499c78af8a0952 main_color avia-section-default avia-no-border-styling  avia-builder-el-0  el_before_av_one_full  avia-builder-el-first  avia-bg-style-scroll av-section-color-overlay-active av-minimum-height av-minimum-height-75 av-height-75  container_wrap sidebar_right'   data-av_minimum_height_pc='75' data-av_min_height_opt='75'><div class=\"av-section-color-overlay-wrap\"><div class=\"av-section-color-overlay\"><\/div><div class='container av-section-cont-open' ><main  role=\"main\" itemprop=\"mainContentOfPage\"  class='template-page content  av-content-small alpha units'><div class='post-entry post-entry-type-page post-entry-11869'><div class='entry-content-wrapper clearfix'>\n<div class='flex_column_table av-5c2zapp-8cd83b40c6ed4007cc5451306cc7b265 sc-av_one_full av-break-at-tablet-flextable av-equal-height-column-flextable'>\n<style type=\"text\/css\" data-created_by=\"avia_inline_auto\" id=\"style-css-av-5c2zapp-8cd83b40c6ed4007cc5451306cc7b265\">\n@keyframes av_boxShadowEffect_av-5c2zapp-8cd83b40c6ed4007cc5451306cc7b265-column {\n0%   { box-shadow:  0 0 0 0 ; opacity: 1; }\n100% { box-shadow:  0 0 10px 0 ; opacity: 1; }\n}\n.flex_column.av-5c2zapp-8cd83b40c6ed4007cc5451306cc7b265{\nborder-radius:5px 5px 5px 5px;\npadding:20px 20px 20px 20px;\n}\n<\/style>\n<div  class='flex_column av-5c2zapp-8cd83b40c6ed4007cc5451306cc7b265 av_one_full  avia-builder-el-1  el_before_av_one_fourth  avia-builder-el-first  first av-break-at-tablet flex_column_table_cell av-equal-height-column av-align-middle'     ><section  class='av_textblock_section av-lsm4h1db-e250c17a8cdbb7e7c602b7475a223420'   itemscope=\"itemscope\" itemtype=\"https:\/\/schema.org\/CreativeWork\" ><div class='avia_textblock'  itemprop=\"text\" ><p style=\"text-align: center;\"><span style=\"color: #ffffff;\"><a style=\"color: #ffffff;\" href=\"https:\/\/www.robin-data.io\/en\">Homepage<\/a> \u00bb <strong style=\"color: #ffffff;\">Disclaimer<\/strong><\/span><\/p>\n<\/div><\/section><br \/>\n\n<style type=\"text\/css\" data-created_by=\"avia_inline_auto\" id=\"style-css-av-lsm4exq7-f2c0707adf8b151e090b3973cec13b79\">\n#top .av_textblock_section.av-lsm4exq7-f2c0707adf8b151e090b3973cec13b79 .avia_textblock{\ncolor:#ffffff;\n}\n<\/style>\n<section  class='av_textblock_section av-lsm4exq7-f2c0707adf8b151e090b3973cec13b79'   itemscope=\"itemscope\" itemtype=\"https:\/\/schema.org\/CreativeWork\" ><div class='avia_textblock av_inherit_color'  itemprop=\"text\" ><h1 style=\"text-align: center;\">Disclaimer<\/h1>\n<\/div><\/section><br \/>\n\n<style type=\"text\/css\" data-created_by=\"avia_inline_auto\" id=\"style-css-av-4rzf78d-d8d43e3c4076b5cd68a2ce8a22a6c4f8\">\n#top .hr.hr-invisible.av-4rzf78d-d8d43e3c4076b5cd68a2ce8a22a6c4f8{\nheight:24px;\n}\n<\/style>\n<div  class='hr av-4rzf78d-d8d43e3c4076b5cd68a2ce8a22a6c4f8 hr-invisible  avia-builder-el-4  el_after_av_textblock  el_before_av_textblock'><span class='hr-inner'><span class=\"hr-inner-style\"><\/span><\/span><\/div><br \/>\n\n<style type=\"text\/css\" data-created_by=\"avia_inline_auto\" id=\"style-css-av-lsm4ftxa-43eae450dbc59a2b611059c5ceefe3e8\">\n#top .av_textblock_section.av-lsm4ftxa-43eae450dbc59a2b611059c5ceefe3e8 .avia_textblock{\ncolor:#ffffff;\n}\n<\/style>\n<section  class='av_textblock_section av-lsm4ftxa-43eae450dbc59a2b611059c5ceefe3e8'   itemscope=\"itemscope\" itemtype=\"https:\/\/schema.org\/CreativeWork\" ><div class='avia_textblock av_inherit_color'  itemprop=\"text\" ><p style=\"font-size: 25px; text-align: center;\">Bitte beachten Sie in Bezug auf alle Publikationen und sonstigen Ver\u00f6ffentlichungen der Robin Data GmbH \u2013 unabh\u00e4ngig davon, ob diese gedruckt, auf Internetseiten oder sonst elektronisch ver\u00f6ffentlicht werden \u2013 die nachfolgenden wichtigen Hinweise:<\/p>\n<\/div><\/section><br \/>\n\n<style type=\"text\/css\" data-created_by=\"avia_inline_auto\" id=\"style-css-av-4cq6tod-58cca24cccbe36d935c9d8072299186c\">\n#top .hr.hr-invisible.av-4cq6tod-58cca24cccbe36d935c9d8072299186c{\nheight:48px;\n}\n<\/style>\n<div  class='hr av-4cq6tod-58cca24cccbe36d935c9d8072299186c hr-invisible  avia-builder-el-6  el_after_av_textblock  avia-builder-el-last'><span class='hr-inner'><span class=\"hr-inner-style\"><\/span><\/span><\/div><\/p><\/div><\/div><!--close column table wrapper. Autoclose: 1 --><div class='flex_column_table av-41f0h25-837ca4eaf5e46155a1480d226ac7a172 sc-av_one_fourth av-equal-height-column-flextable'>\n<style type=\"text\/css\" data-created_by=\"avia_inline_auto\" id=\"style-css-av-41f0h25-837ca4eaf5e46155a1480d226ac7a172\">\n.flex_column.av-41f0h25-837ca4eaf5e46155a1480d226ac7a172{\nborder-radius:0px 0px 0px 0px;\npadding:0px 0px 0px 0px;\n}\n<\/style>\n<div  class='flex_column av-41f0h25-837ca4eaf5e46155a1480d226ac7a172 av_one_fourth  avia-builder-el-7  el_after_av_one_full  el_before_av_one_fourth  first no_margin flex_column_table_cell av-equal-height-column av-align-middle av-zero-column-padding  column-top-margin'     ><section  class='av_textblock_section av-3hg3k3h-16ba10f543d1d4aa94c63bcbf978ba9f'   itemscope=\"itemscope\" itemtype=\"https:\/\/schema.org\/CreativeWork\" ><div class='avia_textblock'  itemprop=\"text\" ><h3 style=\"text-align: left;\"><span style=\"color: #ffffff;\">Robin Data steht f\u00fcr h\u00f6chste <\/span><br class=\"avia-permanent-lb\" \/><span style=\"color: #ffffff;\">Qualit\u00e4ts- und Sicherheitsstandards<br class=\"avia-permanent-lb\" \/>und ist T\u00dcV zertifiziert.<\/span><\/h3>\n<\/div><\/section><\/div>\n<style type=\"text\/css\" data-created_by=\"avia_inline_auto\" id=\"style-css-av-2zak1ct-6659be24f38a17e4810a3960a71638a8\">\n.flex_column.av-2zak1ct-6659be24f38a17e4810a3960a71638a8{\nborder-radius:0px 0px 0px 0px;\npadding:0px 0px 0px 0px;\n}\n<\/style>\n<div  class='flex_column av-2zak1ct-6659be24f38a17e4810a3960a71638a8 av_one_fourth  avia-builder-el-9  el_after_av_one_fourth  el_before_av_one_fourth  no_margin flex_column_table_cell av-equal-height-column av-align-middle av-zero-column-padding avia-link-column av-column-link  column-top-margin'    data-link-column-url=\"https:\/\/www.robin-data.io\/en\/pressrelease\/quality-management-robin-data-iso-9001-2015-certified\"   ><a class=\"av-screen-reader-only\" href=\"https:\/\/www.robin-data.io\/en\/pressrelease\/quality-management-robin-data-iso-9001-2015-certified\"  alt=\"Robin Data verf\u00fcgt \u00fcber ein zertifiziertes Qualit\u00e4tsmanagementsystem gem\u00e4\u00df ISO 9001\">Link to: Robin Data is ISO 9001 certified<\/a><style type=\"text\/css\" data-created_by=\"avia_inline_auto\" id=\"style-css-av-2fnlxnh-6ebcde1e2407f8524446e862b57c960e\">\n.avia-image-container.av-2fnlxnh-6ebcde1e2407f8524446e862b57c960e img.avia_image{\nbox-shadow:none;\n}\n.avia-image-container.av-2fnlxnh-6ebcde1e2407f8524446e862b57c960e .av-image-caption-overlay-center{\ncolor:#ffffff;\n}\n<\/style>\n<div  class='avia-image-container av-2fnlxnh-6ebcde1e2407f8524446e862b57c960e av-styling- avia_animated_image av-animated-when-visible-95 right-to-left avia-align-left  avia-builder-el-10  avia-builder-el-no-sibling'   itemprop=\"image\" itemscope=\"itemscope\" itemtype=\"https:\/\/schema.org\/ImageObject\" ><div class=\"avia-image-container-inner\"><div class=\"avia-image-overlay-wrap\"><img decoding=\"async\" fetchpriority=\"high\" class='wp-image-9082 avia-img-lazy-loading-not-9082 avia_image' src=\"https:\/\/media.robin-data.io\/2024\/03\/04132835\/ISO_9001_farbe_en.png\" alt='T\u00dcV-zertifizierter Datenschutz' title='T\u00dcV-zertifizierter Datenschutz'  height=\"149\" width=\"300\"  itemprop=\"thumbnailUrl\" srcset=\"https:\/\/media.robin-data.io\/2024\/03\/04132835\/ISO_9001_farbe_en.png 261w, https:\/\/media.robin-data.io\/2024\/03\/04132835\/ISO_9001_farbe_en-18x9.png 18w\" sizes=\"(max-width: 300px) 100vw, 300px\" \/><\/div><\/div><\/div><\/div>\n<style type=\"text\/css\" data-created_by=\"avia_inline_auto\" id=\"style-css-av-1x6kqxp-7b42c2ffd0aed31e40cf633817ec0619\">\n.flex_column.av-1x6kqxp-7b42c2ffd0aed31e40cf633817ec0619{\nborder-radius:0px 0px 0px 0px;\npadding:0px 0px 0px 0px;\n}\n<\/style>\n<div  class='flex_column av-1x6kqxp-7b42c2ffd0aed31e40cf633817ec0619 av_one_fourth  avia-builder-el-11  el_after_av_one_fourth  avia-builder-el-last  no_margin flex_column_table_cell av-equal-height-column av-align-middle av-zero-column-padding avia-link-column av-column-link  column-top-margin'    data-link-column-url=\"https:\/\/www.robin-data.io\/en\/pressrelease\/robin-data-iso-27001-certified\"   ><a class=\"av-screen-reader-only\" href=\"https:\/\/www.robin-data.io\/en\/pressrelease\/robin-data-iso-27001-certified\"  alt=\"Robin Data verf\u00fcgt \u00fcber ein zertifiziertes Informationssicherheits-Managementsystem gem\u00e4\u00df ISO 27001\">Link to: Robin Data is ISO 27001 certified<\/a><style type=\"text\/css\" data-created_by=\"avia_inline_auto\" id=\"style-css-av-1ls4ihp-1cd1c1452f3268ecbf4f7b4055e6028a\">\n.avia-image-container.av-1ls4ihp-1cd1c1452f3268ecbf4f7b4055e6028a img.avia_image{\nbox-shadow:none;\n}\n.avia-image-container.av-1ls4ihp-1cd1c1452f3268ecbf4f7b4055e6028a .av-image-caption-overlay-center{\ncolor:#ffffff;\n}\n<\/style>\n<div  class='avia-image-container av-1ls4ihp-1cd1c1452f3268ecbf4f7b4055e6028a av-styling- avia_animated_image av-animated-when-visible-95 right-to-left avia-align-left  avia-builder-el-12  avia-builder-el-no-sibling'   itemprop=\"image\" itemscope=\"itemscope\" itemtype=\"https:\/\/schema.org\/ImageObject\" ><div class=\"avia-image-container-inner\"><div class=\"avia-image-overlay-wrap\"><img decoding=\"async\" fetchpriority=\"high\" class='wp-image-10872 avia-img-lazy-loading-not-10872 avia_image' src=\"https:\/\/media.robin-data.io\/2024\/03\/04132808\/ISO_27001_colour_en.gif\" alt='T\u00dcV-zertifizierter Datenschutz' title='T\u00dcV-zertifizierter Datenschutz'  height=\"150\" width=\"300\"  itemprop=\"thumbnailUrl\" sizes=\"(max-width: 300px) 100vw, 300px\" \/><\/div><\/div><\/div><\/div><\/div><!--close column table wrapper. Autoclose: 1 -->\n<\/div><\/div><\/main><!-- close content main element --><\/div><\/div><\/div><div id='after_section_1'  class='main_color av_default_container_wrap container_wrap sidebar_right'  ><div class='container av-section-cont-open' ><div class='template-page content  av-content-small alpha units'><div class='post-entry post-entry-type-page post-entry-11869'><div class='entry-content-wrapper clearfix'>\n<div  class='flex_column av-mpzp6l-661e2b7bd626292e1ad8daab044e1614 av_one_full  avia-builder-el-13  el_after_av_section  avia-builder-el-no-sibling  first flex_column_div'     ><section  class='av_textblock_section av-lsm4mq9t-ddf5155ba1aad3a065a16433fadf7135'   itemscope=\"itemscope\" itemtype=\"https:\/\/schema.org\/CreativeWork\" ><div class='avia_textblock av_inherit_color'  itemprop=\"text\" ><h2>Haftung f\u00fcr Inhalte<\/h2>\n<p>Als Diensteanbieter tragen wir die Verantwortung f\u00fcr die Inhalte, die wir selbst auf dieser Website erstellen und ver\u00f6ffentlichen (\u00a7 7 Abs.1 TMG). Daneben besteht jedoch keine Verpflichtung, fremde Informationen, die z.B. durch Kommentare oder Uploads von Nutzern \u00fcbermittelt werden, aktiv zu \u00fcberwachen oder nach Anzeichen von Rechtswidrigkeit zu durchsuchen (\u00a7\u00a7 8 bis 10 TMG).<\/p>\n<p>Die Entfernung oder Sperrung rechtswidriger Inhalte bleibt hiervon unber\u00fchrt. Eine Haftung besteht erst ab Kenntnis der Rechtsverletzung. Bei Bekanntwerden werden wir die Inhalte umgehend entfernen.<\/p>\n<h2>Haftung f\u00fcr Links<\/h2>\n<p>Wir bieten auf unserer Website Links zu anderen Websites an. Diese Links dienen der zus\u00e4tzlichen Information und liegen au\u00dferhalb unseres Verantwortungsbereichs. F\u00fcr die Inhalte der verlinkten Seiten ist ausschlie\u00dflich der jeweilige Anbieter oder Betreiber verantwortlich. Wir haben die verlinkten Seiten zum Zeitpunkt der Verlinkung auf m\u00f6gliche Rechtsverst\u00f6\u00dfe \u00fcberpr\u00fcft und keine rechtswidrigen Inhalte festgestellt.<\/p>\n<p>Eine st\u00e4ndige Kontrolle der verlinkten Seiten ist ohne konkrete Hinweise auf Rechtsverletzungen nicht m\u00f6glich. Bei Bekanntwerden von Rechtsverletzungen werden wir die Links umgehend entfernen.<\/p>\n<h2>Copyright<\/h2>\n<p>Alle Inhalte dieser Website unterliegen dem deutschen Urheberrecht. Vervielf\u00e4ltigung, Bearbeitung, Verbreitung und jede Art der Verwertung bed\u00fcrfen der schriftlichen Zustimmung des jeweiligen Autors. Downloads und Kopien sind nur f\u00fcr den privaten Gebrauch gestattet.<\/p>\n<p>We respect the copyrights of third parties and mark third-party content as such. Should you nevertheless notice a copyright infringement, please let us know. In this case, we will immediately remove the content in question from our website.<\/p>\n<h2>Forward-looking statements<\/h2>\n<p>Unsere Ver\u00f6ffentlichungen k\u00f6nnen zukunftsgerichtete Aussagen enthalten, die auf aktuellen Annahmen und Einsch\u00e4tzungen der Gesch\u00e4ftsleitung beruhen. Diese Aussagen sind nur zum Zeitpunkt ihrer Ver\u00f6ffentlichung g\u00fcltig und k\u00f6nnen sich \u00e4ndern. Zukunftsgerichtete Aussagen sind erkennbar an Formulierungen wie &#8222;kann&#8220;, &#8222;wird&#8220;, &#8222;sollte&#8220;, &#8222;plant&#8220;, &#8222;beabsichtigt&#8220;, &#8222;erwartet&#8220; etc.<\/p>\n<p>Naturgem\u00e4\u00df sind zukunftsgerichtete Aussagen mit Risiken und Unsicherheiten behaftet, die durch uns nicht kontrolliert oder pr\u00e4zise vorhergesagt werden k\u00f6nnen. Tats\u00e4chliche Ereignisse, k\u00fcnftige Ergebnisse, die finanzielle Lage, Entwicklung oder Performance der Robin Data GmbH k\u00f6nnen daher erheblich von den in diesem Bericht get\u00e4tigten zukunftsgerichteten Aussagen abweichen. Deshalb kann von der Robin Data GmbH nicht garantiert oder sonst daf\u00fcr gehaftet werden, dass sich diese zukunftsgerichteten Aussagen als vollst\u00e4ndig, richtig oder genau erweisen oder dass erwartete prognostizierte Ergebnisse in Zukunft tats\u00e4chlich erreicht werden.<\/p>\n<h2>No obligation to update<\/h2>\n<p>Die Robin Data GmbH weist darauf hin, dass sie keine Verpflichtung \u00fcbernimmt, die in ihren Ver\u00f6ffentlichungen enthaltenen Informationen und zukunftsgerichteten Aussagen an zuk\u00fcnftige Ereignisse oder Entwicklungen anzupassen oder zu aktualisieren. Diese Aussagen basieren auf dem aktuellen Kenntnisstand und den zum Zeitpunkt der Ver\u00f6ffentlichung verf\u00fcgbaren Informationen.<\/p>\n<p>Im Zweifelsfall gilt die deutsche Fassung einer Ver\u00f6ffentlichung als die verbindliche, auch wenn diese in weiteren Sprachen verf\u00fcgbar ist.<\/p>\n<h2>Gender reference<\/h2>\n<p>Aus Gr\u00fcnden der besseren Lesbarkeit verzichten wir bei Personenbezeichnungen und personenbezogenen Hauptw\u00f6rtern auf dieser Website auf die gleichzeitige Verwendung der Sprachformen m\u00e4nnlich, weiblich und divers (m\/w\/d). Entsprechende Begriffe gelten im Sinne der Gleichbehandlung grunds\u00e4tzlich f\u00fcr alle Geschlechter. Die verk\u00fcrzte Sprachform hat nur redaktionelle Gr\u00fcnde und beinhaltet keine Wertung. Wir danken f\u00fcr Ihr Verst\u00e4ndnis.<\/p>\n<\/div><\/section><\/div>","protected":false},"excerpt":{"rendered":"","protected":false},"author":3,"featured_media":0,"parent":0,"menu_order":0,"comment_status":"closed","ping_status":"closed","template":"","meta":{"inline_featured_image":false,"footnotes":""},"class_list":["post-11869","page","type-page","status-publish","hentry"],"yoast_head":"<!-- This site is optimized with the Yoast SEO Premium plugin v26.8 (Yoast SEO v26.8) - https:\/\/yoast.com\/product\/yoast-seo-premium-wordpress\/ -->\n<title>Disclaimer | Robin Data GmbH<\/title>\n<meta name=\"robots\" content=\"noindex, nofollow\" \/>\n<meta property=\"og:locale\" content=\"en_GB\" \/>\n<meta property=\"og:type\" content=\"article\" \/>\n<meta property=\"og:title\" content=\"Disclaimer\" \/>\n<meta property=\"og:url\" content=\"https:\/\/www.robin-data.io\/en\/disclaimer\" \/>\n<meta property=\"og:site_name\" content=\"Robin Data GmbH\" \/>\n<meta property=\"article:publisher\" content=\"https:\/\/www.facebook.com\/robindatade\/\" \/>\n<meta property=\"article:modified_time\" content=\"2024-02-14T18:42:48+00:00\" \/>\n<meta name=\"twitter:card\" content=\"summary_large_image\" \/>\n<meta name=\"twitter:site\" content=\"@RobinData_DE\" \/>\n<meta name=\"twitter:label1\" content=\"Estimated reading time\" \/>\n\t<meta name=\"twitter:data1\" content=\"4 minutes\" \/>\n<script type=\"application\/ld+json\" class=\"yoast-schema-graph\">{\"@context\":\"https:\/\/schema.org\",\"@graph\":[{\"@type\":\"WebPage\",\"@id\":\"https:\/\/www.robin-data.io\/disclaimer\",\"url\":\"https:\/\/www.robin-data.io\/disclaimer\",\"name\":\"Disclaimer | Robin Data GmbH\",\"isPartOf\":{\"@id\":\"https:\/\/www.robin-data.io\/#website\"},\"datePublished\":\"2021-08-26T12:48:26+00:00\",\"dateModified\":\"2024-02-14T18:42:48+00:00\",\"breadcrumb\":{\"@id\":\"https:\/\/www.robin-data.io\/disclaimer#breadcrumb\"},\"inLanguage\":\"en-GB\",\"potentialAction\":[{\"@type\":\"ReadAction\",\"target\":[\"https:\/\/www.robin-data.io\/disclaimer\"]}]},{\"@type\":\"BreadcrumbList\",\"@id\":\"https:\/\/www.robin-data.io\/disclaimer#breadcrumb\",\"itemListElement\":[{\"@type\":\"ListItem\",\"position\":1,\"name\":\"Startseite\",\"item\":\"https:\/\/www.robin-data.io\/startseite\"},{\"@type\":\"ListItem\",\"position\":2,\"name\":\"Disclaimer\"}]},{\"@type\":\"WebSite\",\"@id\":\"https:\/\/www.robin-data.io\/#website\",\"url\":\"https:\/\/www.robin-data.io\/\",\"name\":\"Robin Data GmbH\",\"description\":\"Robin Data ComplianceOS\u00ae Das Compliance Operating System\",\"potentialAction\":[{\"@type\":\"SearchAction\",\"target\":{\"@type\":\"EntryPoint\",\"urlTemplate\":\"https:\/\/www.robin-data.io\/?s={search_term_string}\"},\"query-input\":{\"@type\":\"PropertyValueSpecification\",\"valueRequired\":true,\"valueName\":\"search_term_string\"}}],\"inLanguage\":\"en-GB\"}]}<\/script>\n<!-- \/ Yoast SEO Premium plugin. -->","yoast_head_json":{"title":"Disclaimer | Robin Data GmbH","robots":{"index":"noindex","follow":"nofollow"},"og_locale":"en_GB","og_type":"article","og_title":"Disclaimer","og_url":"https:\/\/www.robin-data.io\/en\/disclaimer","og_site_name":"Robin Data GmbH","article_publisher":"https:\/\/www.facebook.com\/robindatade\/","article_modified_time":"2024-02-14T18:42:48+00:00","twitter_card":"summary_large_image","twitter_site":"@RobinData_DE","twitter_misc":{"Estimated reading time":"4 minutes"},"schema":{"@context":"https:\/\/schema.org","@graph":[{"@type":"WebPage","@id":"https:\/\/www.robin-data.io\/disclaimer","url":"https:\/\/www.robin-data.io\/disclaimer","name":"Disclaimer | Robin Data GmbH","isPartOf":{"@id":"https:\/\/www.robin-data.io\/#website"},"datePublished":"2021-08-26T12:48:26+00:00","dateModified":"2024-02-14T18:42:48+00:00","breadcrumb":{"@id":"https:\/\/www.robin-data.io\/disclaimer#breadcrumb"},"inLanguage":"en-GB","potentialAction":[{"@type":"ReadAction","target":["https:\/\/www.robin-data.io\/disclaimer"]}]},{"@type":"BreadcrumbList","@id":"https:\/\/www.robin-data.io\/disclaimer#breadcrumb","itemListElement":[{"@type":"ListItem","position":1,"name":"Startseite","item":"https:\/\/www.robin-data.io\/startseite"},{"@type":"ListItem","position":2,"name":"Disclaimer"}]},{"@type":"WebSite","@id":"https:\/\/www.robin-data.io\/#website","url":"https:\/\/www.robin-data.io\/","name":"Robin Data GmbH","description":"Robin Data ComplianceOS\u00ae Das Compliance Operating System","potentialAction":[{"@type":"SearchAction","target":{"@type":"EntryPoint","urlTemplate":"https:\/\/www.robin-data.io\/?s={search_term_string}"},"query-input":{"@type":"PropertyValueSpecification","valueRequired":true,"valueName":"search_term_string"}}],"inLanguage":"en-GB"}]}},"_links":{"self":[{"href":"https:\/\/www.robin-data.io\/en\/wp-json\/wp\/v2\/pages\/11869","targetHints":{"allow":["GET"]}}],"collection":[{"href":"https:\/\/www.robin-data.io\/en\/wp-json\/wp\/v2\/pages"}],"about":[{"href":"https:\/\/www.robin-data.io\/en\/wp-json\/wp\/v2\/types\/page"}],"author":[{"embeddable":true,"href":"https:\/\/www.robin-data.io\/en\/wp-json\/wp\/v2\/users\/3"}],"replies":[{"embeddable":true,"href":"https:\/\/www.robin-data.io\/en\/wp-json\/wp\/v2\/comments?post=11869"}],"version-history":[{"count":7,"href":"https:\/\/www.robin-data.io\/en\/wp-json\/wp\/v2\/pages\/11869\/revisions"}],"predecessor-version":[{"id":12164,"href":"https:\/\/www.robin-data.io\/en\/wp-json\/wp\/v2\/pages\/11869\/revisions\/12164"}],"wp:attachment":[{"href":"https:\/\/www.robin-data.io\/en\/wp-json\/wp\/v2\/media?parent=11869"}],"curies":[{"name":"wp","href":"https:\/\/api.w.org\/{rel}","templated":true}]}}